{"id":54,"date":"2024-03-16T15:27:44","date_gmt":"2024-03-16T15:27:44","guid":{"rendered":"https:\/\/tuulmetlighting.com\/index.php\/one-page-express\/"},"modified":"2026-03-22T13:48:59","modified_gmt":"2026-03-22T13:48:59","slug":"esileht","status":"publish","type":"page","link":"https:\/\/tuulmetlighting.com\/","title":{"rendered":"Esileht"},"content":{"rendered":"<div  data-label=\"Cta\" data-id=\"cta-centered-bg-section\" data-category=\"cta\" class=\"cta-centered-bg-section white-text dark-text-section\" data-parallax-depth=\"20\" id=\"cta-1\" style=\"background-color: rgb(255, 255, 255); background-size: cover; background-position: center top; background-image: none;\" data-ovid=\"ovid-cta-1-129\"> <div  class=\"gridContainer\"> <div  class=\"cta-centered-bg-section-row\"> <div  class=\"cta-centered-bg-section-row-2\"> <div  class=\"cta-centered-bg-section-col dynamic-color\" data-type=\"column\">  <h1  class=\"\">ERITELLIMUS VALGUSTID<\/h1><a  class=\"button no-shadow color5 white-text\" href=\"#kontakt\" target=\"_self\" data-icon=\"\"> V\u00f5ta \u00fchendust <\/a> <\/div> <\/div> <\/div> <\/div> <\/div><div  id=\"teenused\" class=\"features-coloured-icon-boxes-section\" style=\"background-color: rgb(255, 255, 255); background-image: none;\" data-label=\"Teenused\" data-id=\"features-coloured-icon-boxes-section\" data-category=\"features\" data-ovid=\"ovid-teenused-111\">\n<div  class=\"\">\n<div  class=\"features-coloured-icon-boxes-textrow\">\n<div  class=\"features-coloured-icon-boxes-textcol dynamic-color\" data-type=\"column\">\n<p  class=\"\"><\/p><\/div>\n<\/div>\n<div  class=\"features-coloured-icon-boxes-innerrow flexbox-list dark-text\" data-type=\"row\">\n<div  class=\"features-coloured-icon-boxes-featurecol cp3cols cp6cols-tablet\"><img  decoding=\"async\" class=\"custom-image\" src=\"https:\/\/tuulmetlighting.com\/wp-content\/uploads\/2024\/03\/erikuju_lambikuppel-e1710698075967.png\" alt=\"\">\n<h4  class=\"\"><span  style=\"font-family: Riga-Light, arial, helvetica, sans-serif;\">Eritellimus valgustid<\/span><\/h4>\n<\/div><div  class=\"features-coloured-icon-boxes-featurecol cp3cols cp6cols-tablet\"><img  decoding=\"async\" class=\"custom-image\" src=\"https:\/\/tuulmetlighting.com\/wp-content\/uploads\/2024\/03\/trugimine_ikoon-e1710697974984.png\" alt=\"\">\n\n<h4  class=\"\"><span  style=\"font-family: Riga-Light, arial, helvetica, sans-serif;\">Trugimine<\/span><\/h4>\n<p  class=\"\"><span  style=\"font-family: Riga-Light, arial, helvetica, sans-serif;\">0.8mm \u2013 1.5mm<\/span><\/p>\n\n<\/div>\n<div  class=\"features-coloured-icon-boxes-featurecol cp3cols cp6cols-tablet\"><img  decoding=\"async\" class=\"custom-image\" src=\"https:\/\/tuulmetlighting.com\/wp-content\/uploads\/2024\/03\/tootearendus-e1710698013465.png\" alt=\"\">\n<h4  class=\"\"><span  style=\"font-family: Riga-Light, arial, helvetica, sans-serif;\">Tootearendus<\/span><\/h4>\n<\/div>\n<div  class=\"features-coloured-icon-boxes-featurecol cp3cols cp6cols-tablet\"><img  decoding=\"async\" class=\"custom-image\" src=\"https:\/\/tuulmetlighting.com\/wp-content\/uploads\/2024\/03\/modifitseerimine-e1710698045321.png\" alt=\"\">\n<h4  class=\"\"><span  style=\"font-family: Riga-Light, arial, helvetica, sans-serif;\">Valgustite modifitseerimine<\/span><\/h4>\n<p  class=\"\"><span  style=\"font-family: Riga-Light, arial, helvetica, sans-serif;\">laevadele sobivaks jne<\/span><\/p>\n\n<\/div>\n<div  class=\"features-coloured-icon-boxes-featurecol cp3cols cp6cols-tablet\"><img  decoding=\"async\" class=\"custom-image\" src=\"https:\/\/tuulmetlighting.com\/wp-content\/uploads\/2024\/03\/materjalid_ikoon-e1710698054911.png\" alt=\"\">\n<h4  class=\"\"><span  style=\"font-family: Riga-Light, arial, helvetica, sans-serif;\">T\u00f6\u00f6deldavad materjalid<\/span><\/h4>\n<p  class=\"\"><span  style=\"font-family: Riga-Light, arial, helvetica, sans-serif;\">metallid, puit, akr\u00fc\u00fcl, LED-id<\/span><\/p>\n\n<\/div>\n\n\n\n<div  class=\"features-coloured-icon-boxes-featurecol cp3cols cp6cols-tablet\"><img  decoding=\"async\" class=\"custom-image\" src=\"https:\/\/tuulmetlighting.com\/wp-content\/uploads\/2024\/03\/eritoo_ikoon-e1710698065369.png\" alt=\"\">\n<h4  class=\"\"><span  style=\"font-family: Riga-Light, arial, helvetica, sans-serif;\">Eritellimus metallit\u00f6\u00f6d<\/span><\/h4>\n<a  class=\"button small no-shadow color5\" href=\"https:\/\/tuulmet.ee\" target=\"_self\" rel=\"noopener\" data-icon=\"\">\u200e\u200e\u200e \u200e \u200e \u200e \u200e \u200e \u200e \u200e TUULMET\u200e\u200e \u200e \u200e \u200e \u200e \u200e \u200e \u200e <\/a>\n\n<\/div>\n<div  class=\"features-coloured-icon-boxes-featurecol cp3cols cp6cols-tablet\"><img  decoding=\"async\" class=\"custom-image\" src=\"https:\/\/tuulmetlighting.com\/wp-content\/uploads\/2024\/03\/pulbervarvimine-e1710698025773.png\" alt=\"\">\n<h4  class=\"\"><span  style=\"font-family: Riga-Light, arial, helvetica, sans-serif;\">Pulberv\u00e4rvimine<\/span><\/h4>\n<a  class=\"button small no-shadow color5\" href=\"https:\/\/ralkate.ee\" target=\"_self\" rel=\"noopener\" data-icon=\"\">\u200e\u200e\u200e \u200e \u200e \u200e \u200e \u200e \u200e \u200e RALKATE\u200e\u200e \u200e \u200e \u200e \u200e \u200e \u200e \u200e <\/a>\n\n<\/div>\n<\/div>\n<\/div>\n<\/div><div  id=\"referentsid\" class=\"features-square-image-section\" style=\"background-color: #ffffff; background-image: none;\" data-label=\"Referentsid\" data-id=\"features-square-image-section\" data-category=\"features\" data-ovid=\"ovid-referentsid-682\">\n<div  class=\"dynamic-color\">\n<div  class=\"features-square-image-innerrow\" data-type=\"row\">\n<div  class=\"features-square-image-featcol cp6cols-tablet cp3cols\"><a  href=\"https:\/\/tuulmetlighting.com\/index.php\/referentsid\/#bwg2\/5\" class=\"\"><img  decoding=\"async\" class=\"features-square-image-featimg\" src=\"https:\/\/tuulmetlighting.com\/wp-content\/uploads\/2024\/03\/lauaraam-1.jpg\" alt=\"\"><\/a>\n<h4  class=\"\"><span  style=\"font-family: Riga-Light, arial, helvetica, sans-serif; color: rgb(51, 51, 51);\">Amarillo \u2013 Soome<\/span><\/h4>\n<\/div>\n<div  class=\"features-square-image-featcol cp6cols-tablet cp3cols\"><a  href=\"https:\/\/tuulmetlighting.com\/index.php\/referentsid\/#bwg5\/23\" class=\"\"><img  decoding=\"async\" class=\"features-square-image-featimg\" src=\"https:\/\/tuulmetlighting.com\/wp-content\/uploads\/2024\/03\/tallink_koieblokiga_valgusti.jpg\" alt=\"\"><\/a>\n<h4  class=\"\"><span  style=\"font-family: Riga-Light, arial, helvetica, sans-serif; color: rgb(51, 51, 51);\">Tallink \u2013 Eesti<\/span><\/h4>\n<\/div>\n<div  class=\"features-square-image-featcol cp6cols-tablet cp3cols\"><a  href=\"https:\/\/tuulmetlighting.com\/index.php\/referentsid\/#bwg2\/7\" class=\"\"><img  decoding=\"async\" class=\"features-square-image-featimg\" src=\"https:\/\/tuulmetlighting.com\/wp-content\/uploads\/2024\/03\/voresein.jpg\" alt=\"\"><\/a>\n<h4  class=\"\"><span  style=\"font-family: Riga-Light, arial, helvetica, sans-serif; color: rgb(51, 51, 51);\">Amarillo \u2013 Soome<\/span><\/h4>\n<\/div>\n<div  class=\"features-square-image-featcol cp6cols-tablet cp3cols\"><a  href=\"https:\/\/tuulmetlighting.com\/index.php\/referentsid\/#bwg5\/24\" class=\"\"><img  decoding=\"async\" class=\"features-square-image-featimg\" src=\"https:\/\/tuulmetlighting.com\/wp-content\/uploads\/2024\/03\/comfort_lounge_varred-1.png\" alt=\"\"><\/a>\n<h4  class=\"\"><span  style=\"font-family: Riga-Light, arial, helvetica, sans-serif; color: rgb(51, 51, 51);\">Tallink \u2013 Eesti<\/span><\/h4>\n<\/div>\n<\/div>\n<\/div>\n<p  class=\"\" style=\"text-align: center;\"><a  class=\"button no-shadow color5 white-text\" href=\"https:\/\/tuulmetlighting.com\/index.php\/referentsid\" target=\"_self\" rel=\"noopener\" data-icon=\"\">Vaata veel<\/a><\/p>\n<\/div>\n<div  id=\"kontakt\" class=\"contact-3-section\" style=\"background-color: #f6f6f6;\" data-label=\"Kontakt\" data-id=\"contact-3-section\" data-category=\"contact\">\n<div  class=\"gridContainer dynamic-color\">\n<div  class=\"contact-3-section-textrow\">\n<div  class=\"contact-3-section-textcol\" data-type=\"column\">\n<h2  class=\"\">V\u00f5ta meiega \u00fchendust!<\/h2>\n<div  class=\"contact-flex\">\n<div >\n<p  class=\"\" style=\"text-align: left;\"><i  class=\"fa fa-male custom-icon\" style=\"margin-right: 6px;\"><\/i><span  style=\"font-family: arial, helvetica, sans-serif;\">Andrus Tuuletare \ud83c\uddea\ud83c\uddea\ud83c\uddeb\ud83c\uddee\ud83c\uddf7\ud83c\uddfa<\/span><\/p>\n<p  class=\"\" style=\"text-align: left;\"><i  class=\"fa fa-phone custom-icon\" style=\"margin-right: 6px;\"><\/i><span  style=\"font-family: arial, helvetica, sans-serif;\">+372 506 9088<\/span><\/p>\n<p  class=\"\" style=\"text-align: left;\"><i  class=\"fa fa-envelope-o custom-icon\" style=\"margin-right: 6px;\"><\/i><span  style=\"font-family: arial, helvetica, sans-serif;\">Andrus@tuulmet.ee<\/span><\/p>\n<\/div>\n<div >\n<p  class=\"\" style=\"text-align: left;\">\n<i  class=\"fa fa-male custom-icon\" style=\"margin-right: 6px;\"><\/i><span  style=\"font-family: arial, helvetica, sans-serif;\">T\u00f5nis Andre \ud83c\uddea\ud83c\uddea\ud83c\uddfa\ud83c\uddf8<\/span><\/p>\n<p  class=\"\" style=\"text-align: left;\"><i  class=\"fa fa-phone custom-icon\" style=\"margin-right: 6px;\"><\/i><span  style=\"font-family: arial, helvetica, sans-serif;\">+372 503 1712<\/span><\/p>\n<p  class=\"\" style=\"text-align: left;\"><i  class=\"fa fa-envelope-o custom-icon\" style=\"margin-right: 6px;\"><\/i><span  style=\"font-family: arial, helvetica, sans-serif;\">Tonis@tuulmet.ee<\/span><\/p>\n<\/div>\n<\/div>\n\n<\/div>\n<\/div>\n<div  class=\"contact-2columns-contentrow\">\n<div  class=\"contact-3-section-formrow\">\n<div  class=\"contact-3-section-formcol\" data-content-shortcode=\"one_page_express_contact_form shortcode=&quot;contact-form-7 id=&amp;amp;quot;d55b1c5&amp;amp;quot; title=&amp;amp;quot;Kontaktivorm 1&amp;amp;quot;&quot;\" data-editable=\"true\">\n<div class=\"wpcf7 no-js\" id=\"wpcf7-f538-o1\" lang=\"en-US\" dir=\"ltr\" data-wpcf7-id=\"538\">\n<div class=\"screen-reader-response\"><p role=\"status\" aria-live=\"polite\" aria-atomic=\"true\"><\/p> <ul><\/ul><\/div>\n<form action=\"\/index.php\/wp-json\/wp\/v2\/pages\/54#wpcf7-f538-o1\" method=\"post\" class=\"wpcf7-form init\" aria-label=\"Contact form\" novalidate=\"novalidate\" data-status=\"init\">\n<fieldset class=\"hidden-fields-container\"><input type=\"hidden\" name=\"_wpcf7\" value=\"538\" \/><input type=\"hidden\" name=\"_wpcf7_version\" value=\"6.1.5\" \/><input type=\"hidden\" name=\"_wpcf7_locale\" value=\"en_US\" \/><input type=\"hidden\" name=\"_wpcf7_unit_tag\" value=\"wpcf7-f538-o1\" \/><input type=\"hidden\" name=\"_wpcf7_container_post\" value=\"0\" \/><input type=\"hidden\" name=\"_wpcf7_posted_data_hash\" value=\"\" \/><input type=\"hidden\" name=\"_wpcf7_recaptcha_response\" value=\"\" \/>\n<\/fieldset>\n<p><label> Sinu email<br \/>\n<span class=\"wpcf7-form-control-wrap\" data-name=\"your-email\"><input size=\"40\" maxlength=\"400\" class=\"wpcf7-form-control wpcf7-email wpcf7-validates-as-required wpcf7-text wpcf7-validates-as-email\" autocomplete=\"email\" aria-required=\"true\" aria-invalid=\"false\" value=\"\" type=\"email\" name=\"your-email\" \/><\/span> <\/label>\n<\/p>\n<p><label> Teema<br \/>\n<span class=\"wpcf7-form-control-wrap\" data-name=\"your-subject\"><input size=\"40\" maxlength=\"400\" class=\"wpcf7-form-control wpcf7-text wpcf7-validates-as-required\" aria-required=\"true\" aria-invalid=\"false\" value=\"\" type=\"text\" name=\"your-subject\" \/><\/span> <\/label>\n<\/p>\n<p><label> S\u00f5num<br \/>\n<span class=\"wpcf7-form-control-wrap\" data-name=\"your-message\"><textarea cols=\"40\" rows=\"10\" maxlength=\"2000\" class=\"wpcf7-form-control wpcf7-textarea\" aria-invalid=\"false\" name=\"your-message\"><\/textarea><\/span> <\/label>\n<\/p>\n<p><input class=\"wpcf7-form-control wpcf7-submit has-spinner\" type=\"submit\" value=\"Saada\" \/>\n<\/p><div class=\"wpcf7-response-output\" aria-hidden=\"true\"><\/div>\n<\/form>\n<\/div>\n<\/div>\n<\/div>\n<div  class=\"contact-3-section-contactcol\" data-type=\"column\">\n<div  class=\"contact-map-contactcol\">\n<div  class=\"contact-3-section-itemrow\">\n<div  class=\"contact-3-section-iconcol\">\n<p  class=\"\"><i  class=\"fa fa-map-marker custom-icon\" style=\"margin-right: 6px; margin-top: 25px;\"><\/i><span  style=\"font-family: arial, helvetica, sans-serif;\">Koplipere tee 17-6, Rae\n<\/span><\/p>\n        <div class=\"ope-google-maps\" style=\"width:100%\">\n            <iframe style=\"width:100%; height:100%;min-height:inherit;display:block;\" src=\"https:\/\/maps.google.com\/maps?q=Koplipere%20tee%2017-6,%20Rae&#038;z=14&#038;output=embed&#038;iwloc=near\"><\/iframe>\n        <\/div>\n            \n<\/div>\n<\/div>\n<\/div>\n<\/div>\n<\/div>\n<\/div>\n<\/div>","protected":false},"excerpt":{"rendered":"<p>ERITELLIMUS VALGUSTID V\u00f5ta \u00fchendust Eritellimus valgustid Trugimine 0.8mm \u2013 1.5mm Tootearendus Valgustite modifitseerimine laevadele sobivaks jne T\u00f6\u00f6deldavad materjalid metallid, puit, akr\u00fc\u00fcl, LED-id Eritellimus metallit\u00f6\u00f6d \u200e\u200e\u200e \u200e \u200e \u200e \u200e \u200e \u200e \u200e TUULMET\u200e\u200e \u200e \u200e \u200e \u200e \u200e \u200e \u200e Pulberv\u00e4rvimine \u200e\u200e\u200e \u200e \u200e \u200e \u200e \u200e \u200e \u200e RALKATE\u200e\u200e \u200e \u200e \u200e \u200e \u200e&hellip; <br \/> <a class=\"button small blue\" href=\"https:\/\/www.tuulmetlighting.com\/index.php\/2026\/03\/24\/outstanding-internet-based-gaming-club-canada-2026-how-to-gain-big-with-fruit-machines\/\">Read more<\/a><\/p>\n","protected":false},"author":1,"featured_media":0,"parent":0,"menu_order":0,"comment_status":"closed","ping_status":"closed","template":"","meta":{"footnotes":""},"class_list":["post-54","page","type-page","status-publish","hentry"],"aioseo_notices":[],"_links":{"self":[{"href":"https:\/\/www.tuulmetlighting.com\/index.php\/wp-json\/wp\/v2\/pages\/54","targetHints":{"allow":["GET"]}}],"collection":[{"href":"https:\/\/www.tuulmetlighting.com\/index.php\/wp-json\/wp\/v2\/pages"}],"about":[{"href":"https:\/\/www.tuulmetlighting.com\/index.php\/wp-json\/wp\/v2\/types\/page"}],"author":[{"embeddable":true,"href":"https:\/\/www.tuulmetlighting.com\/index.php\/wp-json\/wp\/v2\/users\/1"}],"replies":[{"embeddable":true,"href":"https:\/\/www.tuulmetlighting.com\/index.php\/wp-json\/wp\/v2\/comments?post=54"}],"version-history":[{"count":5,"href":"https:\/\/www.tuulmetlighting.com\/index.php\/wp-json\/wp\/v2\/pages\/54\/revisions"}],"predecessor-version":[{"id":585,"href":"https:\/\/www.tuulmetlighting.com\/index.php\/wp-json\/wp\/v2\/pages\/54\/revisions\/585"}],"wp:attachment":[{"href":"https:\/\/www.tuulmetlighting.com\/index.php\/wp-json\/wp\/v2\/media?parent=54"}],"curies":[{"name":"wp","href":"https:\/\/api.w.org\/{rel}","templated":true}]}}